{"id":933,"date":"2023-07-29T17:29:29","date_gmt":"2023-07-29T17:29:29","guid":{"rendered":"https:\/\/wptf.themepul.co\/fitmas\/?page_id=933"},"modified":"2025-08-21T16:12:17","modified_gmt":"2025-08-21T14:12:17","slug":"about","status":"publish","type":"page","link":"https:\/\/rfa.live\/sk\/about\/","title":{"rendered":"O n\u00e1s"},"content":{"rendered":"\t\t<div data-elementor-type=\"wp-page\" data-elementor-id=\"933\" class=\"elementor elementor-933\" data-elementor-post-type=\"page\">\n\t\t\t\t<div class=\"elementor-element elementor-element-14af2ab e-con-full e-flex e-con e-parent\" data-id=\"14af2ab\" data-element_type=\"container\" data-e-type=\"container\" data-settings=\"{&quot;background_background&quot;:&quot;classic&quot;}\">\n\t\t<div class=\"elementor-element elementor-element-3d8cf40 e-con-full e-flex e-con e-child\" data-id=\"3d8cf40\" data-element_type=\"container\" data-e-type=\"container\" data-settings=\"{&quot;background_background&quot;:&quot;slideshow&quot;,&quot;background_slideshow_gallery&quot;:[{&quot;id&quot;:4037,&quot;url&quot;:&quot;https:\\\/\\\/rfa.live\\\/sk\\\/wp-content\\\/uploads\\\/2024\\\/03\\\/Snimka-obrazovky-2024-03-31-135150.png&quot;}],&quot;background_slideshow_loop&quot;:&quot;yes&quot;,&quot;background_slideshow_slide_duration&quot;:5000,&quot;background_slideshow_slide_transition&quot;:&quot;fade&quot;,&quot;background_slideshow_transition_duration&quot;:500}\">\n\t\t\t\t<\/div>\n\t\t<div class=\"elementor-element elementor-element-ef8a1f8 e-con-full e-flex e-con e-child\" data-id=\"ef8a1f8\" data-element_type=\"container\" data-e-type=\"container\" data-settings=\"{&quot;background_background&quot;:&quot;classic&quot;}\">\n\t\t<div class=\"elementor-element elementor-element-1156536 e-flex e-con-boxed e-con e-child\" data-id=\"1156536\" data-element_type=\"container\" data-e-type=\"container\">\n\t\t\t\t\t<div class=\"e-con-inner\">\n\t\t\t\t<div class=\"elementor-element elementor-element-408d3c5 elementor-widget elementor-widget-heading\" data-id=\"408d3c5\" data-element_type=\"widget\" data-e-type=\"widget\" data-widget_type=\"heading.default\">\n\t\t\t\t<div class=\"elementor-widget-container\">\n\t\t\t\t\t<h1 class=\"elementor-heading-title elementor-size-default\">ROZD\u00c1VAME\n\u00daDERY<\/h1>\t\t\t\t<\/div>\n\t\t\t\t<\/div>\n\t\t\t\t<div class=\"elementor-element elementor-element-4733714 elementor-widget elementor-widget-text-editor\" data-id=\"4733714\" data-element_type=\"widget\" data-e-type=\"widget\" data-widget_type=\"text-editor.default\">\n\t\t\t\t<div class=\"elementor-widget-container\">\n\t\t\t\t\t\t\t\t\t<p><span style=\"color: #ffffff;\">Rivalita medzi slovensk\u00fdm a \u010desk\u00fdm n\u00e1rodom v\u017edy priniesla \u201eostr\u00e9\u201c s\u00faboje a inak to nebude ani v tomto pr\u00edpade\u2026 u\u017e teraz vieme, \u017ee to bude a nie len po\u010das z\u00e1pasov poriadne iskri\u0165.<\/span><\/p>\t\t\t\t\t\t\t\t<\/div>\n\t\t\t\t<\/div>\n\t\t\t\t\t<\/div>\n\t\t\t\t<\/div>\n\t\t\t\t<div class=\"elementor-element elementor-element-55085c9 elementor-widget elementor-widget-button_widget\" data-id=\"55085c9\" data-element_type=\"widget\" data-e-type=\"widget\" data-widget_type=\"button_widget.default\">\n\t\t\t\t<div class=\"elementor-widget-container\">\n\t\t\t\t\t           <div class=\"container\">\n                                    <div class=\"btn-wrap\">\n                        \t                            <a class=\"btn style-r0 style-one\"  href=\"#\" target=\"_blank\" rel=\"nofollow\">Zobrazi\u0165 turnaje<\/a>\n\t                                                                <\/div>\n                \n                \n                           <\/div>\n        \t\t\t\t<\/div>\n\t\t\t\t<\/div>\n\t\t\t\t<\/div>\n\t\t<div class=\"elementor-element elementor-element-002f6fa e-con-full e-flex e-con e-child\" data-id=\"002f6fa\" data-element_type=\"container\" data-e-type=\"container\">\n\t\t\t\t<div class=\"elementor-element elementor-element-ebfd41a elementor-widget elementor-widget-video\" data-id=\"ebfd41a\" data-element_type=\"widget\" data-e-type=\"widget\" data-settings=\"{&quot;youtube_url&quot;:&quot;https:\\\/\\\/www.youtube.com\\\/watch?v=jGuCM_dsODM&amp;t=3s&quot;,&quot;autoplay&quot;:&quot;yes&quot;,&quot;mute&quot;:&quot;yes&quot;,&quot;loop&quot;:&quot;yes&quot;,&quot;video_type&quot;:&quot;youtube&quot;}\" data-widget_type=\"video.default\">\n\t\t\t\t<div class=\"elementor-widget-container\">\n\t\t\t\t\t\t\t<div class=\"elementor-wrapper elementor-open-inline\">\n\t\t\t<div class=\"elementor-video\"><\/div>\t\t<\/div>\n\t\t\t\t\t\t<\/div>\n\t\t\t\t<\/div>\n\t\t\t\t<\/div>\n\t\t<div class=\"elementor-element elementor-element-c5566c5 e-con-full e-flex e-con e-child\" data-id=\"c5566c5\" data-element_type=\"container\" data-e-type=\"container\" data-settings=\"{&quot;background_background&quot;:&quot;slideshow&quot;,&quot;background_slideshow_gallery&quot;:[{&quot;id&quot;:4038,&quot;url&quot;:&quot;https:\\\/\\\/rfa.live\\\/sk\\\/wp-content\\\/uploads\\\/2024\\\/03\\\/Snimka-obrazovky-2024-03-31-135210.png&quot;}],&quot;background_slideshow_loop&quot;:&quot;yes&quot;,&quot;background_slideshow_slide_duration&quot;:5000,&quot;background_slideshow_slide_transition&quot;:&quot;fade&quot;,&quot;background_slideshow_transition_duration&quot;:500}\">\n\t\t\t\t<\/div>\n\t\t\t\t<\/div>\n\t\t\t\t<section class=\"elementor-section elementor-top-section elementor-element elementor-element-47c95a4 elementor-section-boxed elementor-section-height-default elementor-section-height-default\" data-id=\"47c95a4\" data-element_type=\"section\" data-e-type=\"section\" data-settings=\"{&quot;background_background&quot;:&quot;classic&quot;}\">\n\t\t\t\t\t\t\t<div class=\"elementor-background-overlay\"><\/div>\n\t\t\t\t\t\t\t<div class=\"elementor-container elementor-column-gap-no\">\n\t\t\t\t\t<div class=\"elementor-column elementor-col-50 elementor-top-column elementor-element elementor-element-53938a3\" data-id=\"53938a3\" data-element_type=\"column\" data-e-type=\"column\">\n\t\t\t<div class=\"elementor-widget-wrap elementor-element-populated\">\n\t\t\t\t\t\t<div class=\"elementor-element elementor-element-9ae9a27 elementor-widget elementor-widget-about_us_widget\" data-id=\"9ae9a27\" data-element_type=\"widget\" data-e-type=\"widget\" data-widget_type=\"about_us_widget.default\">\n\t\t\t\t<div class=\"elementor-widget-container\">\n\t\t\t\t\t         \n            <div class=\"about-content-wrapper\">\n                <div class=\"container\">\n                                            <div class=\"about-content-wrap\">\n                            <div class=\"title-area mb-0\">\n                                 <span class=\"sub-title\"> REAL FIGHT ARENA <\/span>                                 \t\t\t\t\t\t\t\t\t<h2 class=\"sec-title\"> \n\t\t\t\t\t\t\t\t\t\tRFA JE PRIPRAVEN\u00c1 PRIN\u00c1\u0160A\u0164 Z\u00c1\u017dITKY, NA KTOR\u00c9 LEN TAK \u013dAHKO NEZABUDNETE   \n\t\t\t\t\t\t\t\t\t <\/h2>\n\t\t\t\t\t\t\t\t                                  <div class=\"sec-text\"> <p>Real Fight Arena (RFA) je profesion\u00e1lna organiz\u00e1cia, ktor\u00e1 prin\u00e1\u0161a fan\u00fa\u0161ikom to<br \/>najlep\u0161ie zo sveta bojov\u00fdch \u0161portov. Na\u0161im cie\u013eom je sp\u00e1ja\u0165 \u0161pi\u010dkov\u00fdch z\u00e1pasn\u00edkov z<br \/>dom\u00e1cej aj zahrani\u010dnej sc\u00e9ny a pon\u00faka\u0165 im prostredie, kde m\u00f4\u017eu predvies\u0165 svoj talent<br \/>na vrcholovej \u00farovni.<br \/>Za\u010d\u00ednali sme na Slovensku a v \u010ceskej republike, no dnes u\u017e p\u00f4sob\u00edme aj v Po\u013esku a<br \/>Ma\u010farsku, pri\u010dom sa pripravujeme expandova\u0165 aj na nemeck\u00fd \u010di dubajsk\u00fd trh. Na\u0161e<br \/>galave\u010dery prin\u00e1\u0161aj\u00fa atmosf\u00e9ru svetov\u00fdch bojov\u00fdch ar\u00e9n do ka\u017ed\u00e9ho mesta.<br \/>Ka\u017ed\u00e9 na\u0161e podujatie je kombin\u00e1ciou adrenal\u00ednu, \u0161portovej profesionality a<br \/>nezabudnute\u013en\u00fdch momentov, ktor\u00e9 sp\u00e1jaj\u00fa fan\u00fa\u0161ikov aj z\u00e1pasn\u00edkov do jednej<br \/>komunity. RFA je domovom dom\u00e1cich legiend aj nastupuj\u00facich talentov, ktor\u00ed bojuj\u00fa s<br \/>odhodlan\u00edm, re\u0161pektom a v\u00e1\u0161\u0148ou pre bojov\u00e9 umenie. Pre n\u00e1s nie je d\u00f4le\u017eit\u00fd len<br \/>v\u00fdsledok, ale aj cesta, ktorou sa k nemu bojovn\u00edk dostane.<br \/>Pridajte sa k n\u00e1m, \u010di u\u017e v ar\u00e9ne, pri online prenose alebo podporou svojich favoritov.<br \/>RFA je viac ne\u017e len z\u00e1pasy , je to energia a pr\u00edbehy, ktor\u00e9 sa zap\u00ed\u0161u do hist\u00f3rie bojov\u00fdch<br \/>\u0161portov, bu\u010fte s nami pri tom.<\/p> <\/div>                             <\/div>\n                        <\/div>\n                                                        <\/div>\n            <\/div>\n        \t\t\t\t<\/div>\n\t\t\t\t<\/div>\n\t\t\t\t\t<\/div>\n\t\t<\/div>\n\t\t\t\t<div class=\"elementor-column elementor-col-50 elementor-top-column elementor-element elementor-element-b95a918\" data-id=\"b95a918\" data-element_type=\"column\" data-e-type=\"column\">\n\t\t\t<div class=\"elementor-widget-wrap elementor-element-populated\">\n\t\t\t\t\t\t<div class=\"elementor-element elementor-element-f231381 elementor-widget elementor-widget-about_image\" data-id=\"f231381\" data-element_type=\"widget\" data-e-type=\"widget\" data-widget_type=\"about_image.default\">\n\t\t\t\t<div class=\"elementor-widget-container\">\n\t\t\t\t\t      <div class=\"about-image-wraper\">\r\n            <div class=\"container\">\r\n                <div class=\"about-thumb mb-5 mb-lg-0\">\r\n                    <img decoding=\"async\" class=\"about-img-1\" src=\"https:\/\/rfa.live\/sk\/wp-content\/uploads\/2024\/04\/img.png\">                    <img decoding=\"async\" class=\"about-img-2 jump\" src=\"\">  \r\n                <\/div>\r\n            <\/div>\r\n        <\/div>\r\n        \t\t\t\t<\/div>\n\t\t\t\t<\/div>\n\t\t\t\t\t<\/div>\n\t\t<\/div>\n\t\t\t\t\t<\/div>\n\t\t<\/section>\n\t\t\t\t<section class=\"elementor-section elementor-top-section elementor-element elementor-element-23c861d elementor-section-boxed elementor-section-height-default elementor-section-height-default\" data-id=\"23c861d\" data-element_type=\"section\" data-e-type=\"section\" data-settings=\"{&quot;background_background&quot;:&quot;classic&quot;}\">\n\t\t\t\t\t\t\t<div class=\"elementor-background-overlay\"><\/div>\n\t\t\t\t\t\t\t<div class=\"elementor-container elementor-column-gap-no\">\n\t\t\t\t\t<div class=\"elementor-column elementor-col-100 elementor-top-column elementor-element elementor-element-47b39d0\" data-id=\"47b39d0\" data-element_type=\"column\" data-e-type=\"column\">\n\t\t\t<div class=\"elementor-widget-wrap elementor-element-populated\">\n\t\t\t\t\t\t<div class=\"elementor-element elementor-element-240c288 elementor-widget elementor-widget-fitmas_title\" data-id=\"240c288\" data-element_type=\"widget\" data-e-type=\"widget\" data-widget_type=\"fitmas_title.default\">\n\t\t\t\t<div class=\"elementor-widget-container\">\n\t\t\t\t\t        <div class=\"sec-title-wrapper\">\n            <div class=\"container\">\n                <div class=\"title-area\">\n                                            <span class=\"sub-title\"> REAL FIGHT ARENA <\/span>\n                                                                <h2 class=\"sec-title\">\n                            Nap\u00edsali o n\u00e1s \n                        <\/h2>\n                                    <\/div>\n            <\/div>\n        <\/div>\n        \t\t\t\t<\/div>\n\t\t\t\t<\/div>\n\t\t\t\t\t<\/div>\n\t\t<\/div>\n\t\t\t\t\t<\/div>\n\t\t<\/section>\n\t\t<div class=\"elementor-element elementor-element-9b37c5a e-flex e-con-boxed e-con e-parent\" data-id=\"9b37c5a\" data-element_type=\"container\" data-e-type=\"container\" data-settings=\"{&quot;background_background&quot;:&quot;classic&quot;}\">\n\t\t\t\t\t<div class=\"e-con-inner\">\n\t\t<div class=\"elementor-element elementor-element-dcbc73d e-con-full e-flex e-con e-child\" data-id=\"dcbc73d\" data-element_type=\"container\" data-e-type=\"container\" data-settings=\"{&quot;background_background&quot;:&quot;classic&quot;}\">\n\t\t\t\t<div class=\"elementor-element elementor-element-a25ffcc elementor-widget elementor-widget-heading\" data-id=\"a25ffcc\" data-element_type=\"widget\" data-e-type=\"widget\" data-widget_type=\"heading.default\">\n\t\t\t\t<div class=\"elementor-widget-container\">\n\t\t\t\t\t<h1 class=\"elementor-heading-title elementor-size-default\">startitup.sk<\/h1>\t\t\t\t<\/div>\n\t\t\t\t<\/div>\n\t\t\t\t<div class=\"elementor-element elementor-element-457ba31 elementor-widget elementor-widget-heading\" data-id=\"457ba31\" data-element_type=\"widget\" data-e-type=\"widget\" data-widget_type=\"heading.default\">\n\t\t\t\t<div class=\"elementor-widget-container\">\n\t\t\t\t\t<h1 class=\"elementor-heading-title elementor-size-default\">CELEBRITY AKO MENTORI BOJOVN\u00cdKOV: BOJ O 30 000 EUR.<\/h1>\t\t\t\t<\/div>\n\t\t\t\t<\/div>\n\t\t\t\t<div class=\"elementor-element elementor-element-983d451 elementor-widget elementor-widget-text-editor\" data-id=\"983d451\" data-element_type=\"widget\" data-e-type=\"widget\" data-widget_type=\"text-editor.default\">\n\t\t\t\t<div class=\"elementor-widget-container\">\n\t\t\t\t\t\t\t\t\t<p style=\"text-align: center;\"><span style=\"color: #ffffff;\">Okrem toho, \u017ee sa bude musie\u0165 zvl\u00e1dnu\u0165 nav\u00e1\u017ei\u0165 80 kilogramov v de\u0148 galave\u010dera, \u010dakaj\u00fa ho tri MMA z\u00e1pasy behom p\u00e1r hod\u00edn&#8230;<\/span><\/p>\t\t\t\t\t\t\t\t<\/div>\n\t\t\t\t<\/div>\n\t\t\t\t<div class=\"elementor-element elementor-element-3381f2f elementor-widget elementor-widget-button_widget\" data-id=\"3381f2f\" data-element_type=\"widget\" data-e-type=\"widget\" data-widget_type=\"button_widget.default\">\n\t\t\t\t<div class=\"elementor-widget-container\">\n\t\t\t\t\t           <div class=\"container\">\n                                    <div class=\"btn-wrap\">\n                        \t                            <a class=\"btn style-r0 style-one\"  href=\"https:\/\/www.startitup.sk\/celebrity-ako-mentori-bojovnikov-boj-o-30-000-eur-ponukne-sou-aku-fanusikovia-este-nezazili\/\" target=\"_blank\" rel=\"nofollow\">\u010c\u00edta\u0165 \u010dl\u00e1nok<\/a>\n\t                                                                <\/div>\n                \n                \n                           <\/div>\n        \t\t\t\t<\/div>\n\t\t\t\t<\/div>\n\t\t\t\t<\/div>\n\t\t<div class=\"elementor-element elementor-element-db00865 e-con-full e-flex e-con e-child\" data-id=\"db00865\" data-element_type=\"container\" data-e-type=\"container\" data-settings=\"{&quot;background_background&quot;:&quot;classic&quot;}\">\n\t\t\t\t<div class=\"elementor-element elementor-element-6baa58e elementor-widget elementor-widget-heading\" data-id=\"6baa58e\" data-element_type=\"widget\" data-e-type=\"widget\" data-widget_type=\"heading.default\">\n\t\t\t\t<div class=\"elementor-widget-container\">\n\t\t\t\t\t<h1 class=\"elementor-heading-title elementor-size-default\">7sport.sk<\/h1>\t\t\t\t<\/div>\n\t\t\t\t<\/div>\n\t\t\t\t<div class=\"elementor-element elementor-element-96726c4 elementor-widget elementor-widget-heading\" data-id=\"96726c4\" data-element_type=\"widget\" data-e-type=\"widget\" data-widget_type=\"heading.default\">\n\t\t\t\t<div class=\"elementor-widget-container\">\n\t\t\t\t\t<h1 class=\"elementor-heading-title elementor-size-default\">RFA MMA ORGANIZ\u00c1CIA 2023 \u2013 PROGRAM, BOJOVN\u00cdCI, PROJEKTY, KALEND\u00c1R TURNAJOV!<\/h1>\t\t\t\t<\/div>\n\t\t\t\t<\/div>\n\t\t\t\t<div class=\"elementor-element elementor-element-a9a504a elementor-widget elementor-widget-text-editor\" data-id=\"a9a504a\" data-element_type=\"widget\" data-e-type=\"widget\" data-widget_type=\"text-editor.default\">\n\t\t\t\t<div class=\"elementor-widget-container\">\n\t\t\t\t\t\t\t\t\t<p style=\"text-align: center;\"><span style=\"color: #ffffff;\">Organiz\u00e1cia RFA MMA m\u00e1 v roku 2023 na programe nieko\u013eko turnajov&#8230;<\/span><\/p>\t\t\t\t\t\t\t\t<\/div>\n\t\t\t\t<\/div>\n\t\t\t\t<div class=\"elementor-element elementor-element-4adfbae elementor-widget elementor-widget-button_widget\" data-id=\"4adfbae\" data-element_type=\"widget\" data-e-type=\"widget\" data-widget_type=\"button_widget.default\">\n\t\t\t\t<div class=\"elementor-widget-container\">\n\t\t\t\t\t           <div class=\"container\">\n                                    <div class=\"btn-wrap\">\n                        \t                            <a class=\"btn style-r0 style-one\"  href=\"https:\/\/7sport.sk\/bojove-sporty\/rfa-mma\/\" target=\"_blank\" rel=\"nofollow\">\u010c\u00edta\u0165 \u010dl\u00e1nok<\/a>\n\t                                                                <\/div>\n                \n                \n                           <\/div>\n        \t\t\t\t<\/div>\n\t\t\t\t<\/div>\n\t\t\t\t<\/div>\n\t\t<div class=\"elementor-element elementor-element-754f834 e-con-full e-flex e-con e-child\" data-id=\"754f834\" data-element_type=\"container\" data-e-type=\"container\" data-settings=\"{&quot;background_background&quot;:&quot;classic&quot;}\">\n\t\t\t\t<div class=\"elementor-element elementor-element-5f5c8d6 elementor-widget elementor-widget-heading\" data-id=\"5f5c8d6\" data-element_type=\"widget\" data-e-type=\"widget\" data-widget_type=\"heading.default\">\n\t\t\t\t<div class=\"elementor-widget-container\">\n\t\t\t\t\t<h1 class=\"elementor-heading-title elementor-size-default\">mmamemes.sk<\/h1>\t\t\t\t<\/div>\n\t\t\t\t<\/div>\n\t\t\t\t<div class=\"elementor-element elementor-element-f7676fb elementor-widget elementor-widget-heading\" data-id=\"f7676fb\" data-element_type=\"widget\" data-e-type=\"widget\" data-widget_type=\"heading.default\">\n\t\t\t\t<div class=\"elementor-widget-container\">\n\t\t\t\t\t<h1 class=\"elementor-heading-title elementor-size-default\">TR\u00c9NER \u0160AMPI\u00d3NOV \u010cI ZLAT\u00dd SL\u00c1VIK. RFA PREDSTAVUJE HNE\u010e 2 MENTOROV EUROGOLD PYRAM\u00cdDY.<\/h1>\t\t\t\t<\/div>\n\t\t\t\t<\/div>\n\t\t\t\t<div class=\"elementor-element elementor-element-8113285 elementor-widget elementor-widget-text-editor\" data-id=\"8113285\" data-element_type=\"widget\" data-e-type=\"widget\" data-widget_type=\"text-editor.default\">\n\t\t\t\t<div class=\"elementor-widget-container\">\n\t\t\t\t\t\t\t\t\t<p style=\"text-align: center;\"><span style=\"color: #ffffff;\">Prv\u00fdm ozn\u00e1men\u00fdm mentorom je tr\u00e9ner \u0161ampi\u00f3nov Ilja \u0160kondri\u010d, ktor\u00fd sa&#8230;<\/span><\/p>\t\t\t\t\t\t\t\t<\/div>\n\t\t\t\t<\/div>\n\t\t\t\t<div class=\"elementor-element elementor-element-c7764f6 elementor-widget elementor-widget-button_widget\" data-id=\"c7764f6\" data-element_type=\"widget\" data-e-type=\"widget\" data-widget_type=\"button_widget.default\">\n\t\t\t\t<div class=\"elementor-widget-container\">\n\t\t\t\t\t           <div class=\"container\">\n                                    <div class=\"btn-wrap\">\n                        \t                            <a class=\"btn style-r0 style-one\"  href=\"https:\/\/www.mmamemes.sk\/https-www-mmamemes-sk-trener-sampionov-organizator-najvacsieho-festivalu-ci-zlaty-slavik-rfa-predstavuje-hned-3-mentorov-eurogold-pyramidy\/\" target=\"_blank\" rel=\"nofollow\">\u010c\u00edta\u0165 \u010dl\u00e1nok<\/a>\n\t                                                                <\/div>\n                \n                \n                           <\/div>\n        \t\t\t\t<\/div>\n\t\t\t\t<\/div>\n\t\t\t\t<\/div>\n\t\t\t\t\t<\/div>\n\t\t\t\t<\/div>\n\t\t<div class=\"elementor-element elementor-element-454b9ca e-con-full e-flex e-con e-parent\" data-id=\"454b9ca\" data-element_type=\"container\" data-e-type=\"container\" data-settings=\"{&quot;background_background&quot;:&quot;classic&quot;}\">\n\t\t<div class=\"elementor-element elementor-element-a7527fb e-con-full e-flex e-con e-child\" data-id=\"a7527fb\" data-element_type=\"container\" data-e-type=\"container\" data-settings=\"{&quot;background_background&quot;:&quot;classic&quot;}\">\n\t\t\t\t<div class=\"elementor-element elementor-element-853c158 elementor-widget elementor-widget-heading\" data-id=\"853c158\" data-element_type=\"widget\" data-e-type=\"widget\" data-widget_type=\"heading.default\">\n\t\t\t\t<div class=\"elementor-widget-container\">\n\t\t\t\t\t<h1 class=\"elementor-heading-title elementor-size-default\">SLEDUJ V\u017dDY NOV\u00dd EXLUZ\u00cdVNY OBSAH NA YOUTUBE<\/h1>\t\t\t\t<\/div>\n\t\t\t\t<\/div>\n\t\t\t\t<div class=\"elementor-element elementor-element-a7ca704 elementor-widget elementor-widget-button_widget\" data-id=\"a7ca704\" data-element_type=\"widget\" data-e-type=\"widget\" data-widget_type=\"button_widget.default\">\n\t\t\t\t<div class=\"elementor-widget-container\">\n\t\t\t\t\t           <div class=\"container\">\n                                    <div class=\"btn-wrap\">\n                        \t                            <a class=\"btn style-r0 style-one\"  href=\"https:\/\/www.youtube.com\/@rfa.realsport\" target=\"_blank\" rel=\"nofollow\">Prejs\u0165 na YouTube<\/a>\n\t                                                                <\/div>\n                \n                \n                           <\/div>\n        \t\t\t\t<\/div>\n\t\t\t\t<\/div>\n\t\t\t\t<\/div>\n\t\t<div class=\"elementor-element elementor-element-5b589ff e-con-full e-flex e-con e-child\" data-id=\"5b589ff\" data-element_type=\"container\" data-e-type=\"container\">\n\t\t\t\t<div class=\"elementor-element elementor-element-0b92a1e elementor-widget elementor-widget-video\" data-id=\"0b92a1e\" data-element_type=\"widget\" data-e-type=\"widget\" data-settings=\"{&quot;youtube_url&quot;:&quot;https:\\\/\\\/www.youtube.com\\\/watch?v=DtcYskGYmb4&quot;,&quot;autoplay&quot;:&quot;yes&quot;,&quot;mute&quot;:&quot;yes&quot;,&quot;loop&quot;:&quot;yes&quot;,&quot;video_type&quot;:&quot;youtube&quot;}\" data-widget_type=\"video.default\">\n\t\t\t\t<div class=\"elementor-widget-container\">\n\t\t\t\t\t\t\t<div class=\"elementor-wrapper elementor-open-inline\">\n\t\t\t<div class=\"elementor-video\"><\/div>\t\t<\/div>\n\t\t\t\t\t\t<\/div>\n\t\t\t\t<\/div>\n\t\t\t\t<\/div>\n\t\t\t\t<\/div>\n\t\t\t\t<\/div>\n\t\t","protected":false},"excerpt":{"rendered":"<p>ROZD\u00c1VAME \u00daDERY Rivalita medzi slovensk\u00fdm a \u010desk\u00fdm n\u00e1rodom v\u017edy priniesla \u201eostr\u00e9\u201c s\u00faboje a inak to nebude ani v tomto pr\u00edpade\u2026 u\u017e teraz vieme, \u017ee to bude a nie len po\u010das z\u00e1pasov poriadne iskri\u0165. Zobrazi\u0165 turnaje REAL FIGHT ARENA RFA JE PRIPRAVEN\u00c1 PRIN\u00c1\u0160A\u0164 Z\u00c1\u017dITKY, NA KTOR\u00c9 LEN TAK \u013dAHKO NEZABUDNETE Real Fight Arena (RFA) je profesion\u00e1lna [&hellip;]<\/p>\n","protected":false},"author":1,"featured_media":0,"parent":0,"menu_order":0,"comment_status":"closed","ping_status":"closed","template":"blank-template.php","meta":{"_monsterinsights_skip_tracking":false,"_monsterinsights_sitenote_active":false,"_monsterinsights_sitenote_note":"","_monsterinsights_sitenote_category":0,"footnotes":""},"class_list":["post-933","page","type-page","status-publish","hentry"],"aioseo_notices":[],"_links":{"self":[{"href":"https:\/\/rfa.live\/sk\/wp-json\/wp\/v2\/pages\/933","targetHints":{"allow":["GET"]}}],"collection":[{"href":"https:\/\/rfa.live\/sk\/wp-json\/wp\/v2\/pages"}],"about":[{"href":"https:\/\/rfa.live\/sk\/wp-json\/wp\/v2\/types\/page"}],"author":[{"embeddable":true,"href":"https:\/\/rfa.live\/sk\/wp-json\/wp\/v2\/users\/1"}],"replies":[{"embeddable":true,"href":"https:\/\/rfa.live\/sk\/wp-json\/wp\/v2\/comments?post=933"}],"version-history":[{"count":68,"href":"https:\/\/rfa.live\/sk\/wp-json\/wp\/v2\/pages\/933\/revisions"}],"predecessor-version":[{"id":5539,"href":"https:\/\/rfa.live\/sk\/wp-json\/wp\/v2\/pages\/933\/revisions\/5539"}],"wp:attachment":[{"href":"https:\/\/rfa.live\/sk\/wp-json\/wp\/v2\/media?parent=933"}],"curies":[{"name":"wp","href":"https:\/\/api.w.org\/{rel}","templated":true}]}}