{"id":898,"date":"2023-07-29T17:20:18","date_gmt":"2023-07-29T17:20:18","guid":{"rendered":"https:\/\/wptf.themepul.co\/fitmas\/?page_id=898"},"modified":"2025-08-14T13:48:45","modified_gmt":"2025-08-14T11:48:45","slug":"contact","status":"publish","type":"page","link":"https:\/\/rfa.live\/sk\/contact\/","title":{"rendered":"Kontakt"},"content":{"rendered":"\t\t<div data-elementor-type=\"wp-page\" data-elementor-id=\"898\" class=\"elementor elementor-898\" data-elementor-post-type=\"page\">\n\t\t\t\t\t\t<section class=\"elementor-section elementor-top-section elementor-element elementor-element-c0a4fc1 elementor-section-boxed elementor-section-height-default elementor-section-height-default\" data-id=\"c0a4fc1\" data-element_type=\"section\" data-e-type=\"section\" data-settings=\"{&quot;background_background&quot;:&quot;classic&quot;}\">\n\t\t\t\t\t\t\t<div class=\"elementor-background-overlay\"><\/div>\n\t\t\t\t\t\t\t<div class=\"elementor-container elementor-column-gap-no\">\n\t\t\t\t\t<div class=\"elementor-column elementor-col-50 elementor-top-column elementor-element elementor-element-d06dfdf\" data-id=\"d06dfdf\" data-element_type=\"column\" data-e-type=\"column\">\n\t\t\t<div class=\"elementor-widget-wrap elementor-element-populated\">\n\t\t\t\t\t\t<div class=\"elementor-element elementor-element-625866e elementor-widget elementor-widget-about_us_widget\" data-id=\"625866e\" data-element_type=\"widget\" data-e-type=\"widget\" data-widget_type=\"about_us_widget.default\">\n\t\t\t\t<div class=\"elementor-widget-container\">\n\t\t\t\t\t         \n            <div class=\"about-content-wrapper\">\n                <div class=\"container\">\n                                            <div class=\"about-content-wrap\">\n                            <div class=\"title-area mb-0\">\n                                 <span class=\"sub-title\"> REAL FIGHT ARENA <\/span>                                 \t\t\t\t\t\t\t\t\t<h2 class=\"sec-title\"> \n\t\t\t\t\t\t\t\t\t\tKontakt   \n\t\t\t\t\t\t\t\t\t <\/h2>\n\t\t\t\t\t\t\t\t                                                            <\/div>\n                        <\/div>\n                                                        <\/div>\n            <\/div>\n        \t\t\t\t<\/div>\n\t\t\t\t<\/div>\n\t\t\t\t<div class=\"elementor-element elementor-element-4352af7 elementor-widget elementor-widget-contactInfo_list\" data-id=\"4352af7\" data-element_type=\"widget\" data-e-type=\"widget\" data-widget_type=\"contactInfo_list.default\">\n\t\t\t\t<div class=\"elementor-widget-container\">\n\t\t\t\t\t        <div class=\"contact-area\">\n            <div class=\"container\">\n                <div class=\"row gy-4 justify-content-center\">\n                                    <div class=\"col-xl-12 col-lg-12 col-md-6\">\n                        <div class=\"contact-info\">\n                            <div class=\"contact-info_icon\">\n                                <i aria-hidden=\"true\" class=\"flaticon flaticon-email\"><\/i>                            <\/div>\n                            <div class=\"media-body\">\n                                                                <span class=\"contact-info_title\"> Kontakt RFA <\/span>\n                                \t\t\t\t\t\t\t\t                                    <h6 class=\"contact-info_text\"><a > office@rfarena.sk <\/a><\/h6>\n                                                            <\/div>\n                        <\/div>\n                    <\/div>\n                                    <div class=\"col-xl-12 col-lg-12 col-md-6\">\n                        <div class=\"contact-info\">\n                            <div class=\"contact-info_icon\">\n                                <i aria-hidden=\"true\" class=\"flaticon flaticon-email\"><\/i>                            <\/div>\n                            <div class=\"media-body\">\n                                                                <span class=\"contact-info_title\"> kontakt m\u00e9di\u00e1 <\/span>\n                                \t\t\t\t\t\t\t\t                                    <h6 class=\"contact-info_text\"><a > media@rfarena.sk <\/a><\/h6>\n                                                            <\/div>\n                        <\/div>\n                    <\/div>\n                                <\/div>\n            <\/div>\n        <\/div>\n        \t\t\t\t<\/div>\n\t\t\t\t<\/div>\n\t\t\t\t<div class=\"elementor-element elementor-element-12eafce elementor-widget elementor-widget-shortcode\" data-id=\"12eafce\" data-element_type=\"widget\" data-e-type=\"widget\" data-widget_type=\"shortcode.default\">\n\t\t\t\t<div class=\"elementor-widget-container\">\n\t\t\t\t\t\t\t<div class=\"elementor-shortcode\">\n<div class=\"wpcf7 no-js\" id=\"wpcf7-f949-o1\" lang=\"en-US\" dir=\"ltr\" data-wpcf7-id=\"949\">\n<div class=\"screen-reader-response\"><p role=\"status\" aria-live=\"polite\" aria-atomic=\"true\"><\/p> <ul><\/ul><\/div>\n<form action=\"\/sk\/wp-json\/wp\/v2\/pages\/898#wpcf7-f949-o1\" method=\"post\" class=\"wpcf7-form init\" aria-label=\"Contact form\" novalidate=\"novalidate\" data-status=\"init\">\n<fieldset class=\"hidden-fields-container\"><input type=\"hidden\" name=\"_wpcf7\" value=\"949\" \/><input type=\"hidden\" name=\"_wpcf7_version\" value=\"6.1.5\" \/><input type=\"hidden\" name=\"_wpcf7_locale\" value=\"en_US\" \/><input type=\"hidden\" name=\"_wpcf7_unit_tag\" value=\"wpcf7-f949-o1\" \/><input type=\"hidden\" name=\"_wpcf7_container_post\" value=\"0\" \/><input type=\"hidden\" name=\"_wpcf7_posted_data_hash\" value=\"\" \/>\n<\/fieldset>\n<div class=\"row\">\n   <div class=\"col-lg-6\">\n     <div class=\"form-group\">\n        <span class=\"wpcf7-form-control-wrap\" data-name=\"you-name\"><input size=\"40\" maxlength=\"400\" class=\"wpcf7-form-control wpcf7-text form-control style-white\" aria-invalid=\"false\" placeholder=\"Va\u0161e meno\" value=\"\" type=\"text\" name=\"you-name\" \/><\/span>\n           <i class=\"far fa-user\"><\/i>\n     <\/div>\n  <\/div>\n  <div class=\"col-lg-6\">\n     <div class=\"form-group\">\n        <span class=\"wpcf7-form-control-wrap\" data-name=\"email\"><input size=\"40\" maxlength=\"400\" class=\"wpcf7-form-control wpcf7-email wpcf7-text wpcf7-validates-as-email form-control style-white\" aria-invalid=\"false\" placeholder=\"V\u00e1\u0161 Email\" value=\"\" type=\"email\" name=\"email\" \/><\/span>\n            <i class=\"far fa-envelope\"><\/i>\n      <\/div>\n  <\/div>\n<\/div>\n<div class=\"form-group col-12\">\n     <span class=\"wpcf7-form-control-wrap\" data-name=\"form-textarea\"><textarea cols=\"40\" rows=\"10\" maxlength=\"2000\" class=\"wpcf7-form-control wpcf7-textarea form-control style-white\" aria-invalid=\"false\" placeholder=\"Sem nap\u00ed\u0161te spr\u00e1vu\" name=\"form-textarea\"><\/textarea><\/span>\n<\/div>\n<div class=\"form-btn col-12\">\n   <input class=\"wpcf7-form-control wpcf7-submit has-spinner btn btn-style\" type=\"submit\" value=\"Odosla\u0165\" \/>\n<\/div><div class=\"wpcf7-response-output\" aria-hidden=\"true\"><\/div>\n<\/form>\n<\/div>\n<\/div>\n\t\t\t\t\t\t<\/div>\n\t\t\t\t<\/div>\n\t\t\t\t\t<\/div>\n\t\t<\/div>\n\t\t\t\t<div class=\"elementor-column elementor-col-50 elementor-top-column elementor-element elementor-element-2f25073\" data-id=\"2f25073\" data-element_type=\"column\" data-e-type=\"column\">\n\t\t\t<div class=\"elementor-widget-wrap elementor-element-populated\">\n\t\t\t\t\t\t<div class=\"elementor-element elementor-element-fe01d76 elementor-widget elementor-widget-about_image\" data-id=\"fe01d76\" data-element_type=\"widget\" data-e-type=\"widget\" data-widget_type=\"about_image.default\">\n\t\t\t\t<div class=\"elementor-widget-container\">\n\t\t\t\t\t      <div class=\"about-image-wraper\">\r\n            <div class=\"container\">\r\n                <div class=\"about-thumb mb-5 mb-lg-0\">\r\n                    <img decoding=\"async\" class=\"about-img-1\" src=\"https:\/\/rfa.live\/sk\/wp-content\/uploads\/2024\/04\/img2.png\">                    <img decoding=\"async\" class=\"about-img-2 jump\" src=\"\">  \r\n                <\/div>\r\n            <\/div>\r\n        <\/div>\r\n        \t\t\t\t<\/div>\n\t\t\t\t<\/div>\n\t\t\t\t\t<\/div>\n\t\t<\/div>\n\t\t\t\t\t<\/div>\n\t\t<\/section>\n\t\t\t\t<\/div>\n\t\t","protected":false},"excerpt":{"rendered":"<p>REAL FIGHT ARENA Kontakt Kontakt RFA office@rfarena.sk kontakt m\u00e9di\u00e1 media@rfarena.sk<\/p>\n","protected":false},"author":1,"featured_media":0,"parent":0,"menu_order":0,"comment_status":"closed","ping_status":"closed","template":"blank-template.php","meta":{"_monsterinsights_skip_tracking":false,"_monsterinsights_sitenote_active":false,"_monsterinsights_sitenote_note":"","_monsterinsights_sitenote_category":0,"footnotes":""},"class_list":["post-898","page","type-page","status-publish","hentry"],"aioseo_notices":[],"_links":{"self":[{"href":"https:\/\/rfa.live\/sk\/wp-json\/wp\/v2\/pages\/898","targetHints":{"allow":["GET"]}}],"collection":[{"href":"https:\/\/rfa.live\/sk\/wp-json\/wp\/v2\/pages"}],"about":[{"href":"https:\/\/rfa.live\/sk\/wp-json\/wp\/v2\/types\/page"}],"author":[{"embeddable":true,"href":"https:\/\/rfa.live\/sk\/wp-json\/wp\/v2\/users\/1"}],"replies":[{"embeddable":true,"href":"https:\/\/rfa.live\/sk\/wp-json\/wp\/v2\/comments?post=898"}],"version-history":[{"count":41,"href":"https:\/\/rfa.live\/sk\/wp-json\/wp\/v2\/pages\/898\/revisions"}],"predecessor-version":[{"id":5518,"href":"https:\/\/rfa.live\/sk\/wp-json\/wp\/v2\/pages\/898\/revisions\/5518"}],"wp:attachment":[{"href":"https:\/\/rfa.live\/sk\/wp-json\/wp\/v2\/media?parent=898"}],"curies":[{"name":"wp","href":"https:\/\/api.w.org\/{rel}","templated":true}]}}